{"id":3561,"date":"2026-01-09T10:58:06","date_gmt":"2026-01-09T10:58:06","guid":{"rendered":"https:\/\/timeless-experiences.com\/?page_id=3561"},"modified":"2026-04-03T17:52:46","modified_gmt":"2026-04-03T17:52:46","slug":"terms-and-conditions","status":"publish","type":"page","link":"https:\/\/timeless-experiences.com\/en\/terms-and-conditions\/","title":{"rendered":"Terms and conditions"},"content":{"rendered":"<style>.elementor-3561 .elementor-element.elementor-element-89601cd{--display:flex;--flex-direction:column;--container-widget-width:100%;--container-widget-height:initial;--container-widget-flex-grow:0;--container-widget-align-self:initial;--flex-wrap-mobile:wrap;}.elementor-3561 .elementor-element.elementor-element-89601cd.e-con{--flex-grow:0;--flex-shrink:0;}.elementor-widget-heading .elementor-heading-title{font-family:var( --e-global-typography-primary-font-family ), Sans-serif;font-weight:var( --e-global-typography-primary-font-weight );color:var( --e-global-color-primary );}.elementor-3561 .elementor-element.elementor-element-72d5976 .elementor-heading-title{font-family:\"Poppins\", Sans-serif;font-size:49px;font-weight:700;color:var( --e-global-color-b55be5f );}.elementor-3561 .elementor-element.elementor-element-f4becfa{--display:flex;--flex-direction:column;--container-widget-width:100%;--container-widget-height:initial;--container-widget-flex-grow:0;--container-widget-align-self:initial;--flex-wrap-mobile:wrap;}.elementor-3561 .elementor-element.elementor-element-3486e73.elementor-element{--align-self:center;--flex-grow:0;--flex-shrink:0;}.elementor-3561 .elementor-element.elementor-element-3486e73{text-align:center;}.elementor-3561 .elementor-element.elementor-element-3486e73 .elementor-heading-title{font-family:\"Poppins\", Sans-serif;font-size:44px;font-weight:700;color:var( --e-global-color-accent );}.elementor-widget-text-editor{font-family:var( --e-global-typography-text-font-family ), Sans-serif;font-weight:var( --e-global-typography-text-font-weight );color:var( --e-global-color-text );}.elementor-widget-text-editor.elementor-drop-cap-view-stacked .elementor-drop-cap{background-color:var( --e-global-color-primary );}.elementor-widget-text-editor.elementor-drop-cap-view-framed .elementor-drop-cap, .elementor-widget-text-editor.elementor-drop-cap-view-default .elementor-drop-cap{color:var( --e-global-color-primary );border-color:var( --e-global-color-primary );}.elementor-3561 .elementor-element.elementor-element-ad77486{text-align:justify;font-family:\"Poppins\", Sans-serif;font-weight:400;color:var( --e-global-color-6da68dd );}@media(max-width:1366px){.elementor-3561 .elementor-element.elementor-element-72d5976 .elementor-heading-title{font-size:50px;}.elementor-3561 .elementor-element.elementor-element-3486e73{width:var( --container-widget-width, 571.963px );max-width:571.963px;--container-widget-width:571.963px;--container-widget-flex-grow:0;}}@media(max-width:880px){.elementor-3561 .elementor-element.elementor-element-72d5976 .elementor-heading-title{font-size:40px;}.elementor-3561 .elementor-element.elementor-element-3486e73 .elementor-heading-title{font-size:40px;}}@media(max-width:767px){.elementor-3561 .elementor-element.elementor-element-3486e73{--container-widget-width:100%;--container-widget-flex-grow:0;width:var( --container-widget-width, 100% );max-width:100%;}.elementor-3561 .elementor-element.elementor-element-3486e73 .elementor-heading-title{font-size:30px;}}@media(min-width:768px){.elementor-3561 .elementor-element.elementor-element-89601cd{--width:95.161%;}}<\/style>\t\t<div data-elementor-type=\"wp-page\" data-elementor-id=\"3561\" class=\"elementor elementor-3561\" data-elementor-post-type=\"page\">\n\t\t\t\t<div class=\"elementor-element elementor-element-89601cd e-con-full e-flex e-con e-parent\" data-id=\"89601cd\" data-element_type=\"container\">\n\t\t\t\t<div class=\"elementor-element elementor-element-72d5976 elementor-widget elementor-widget-heading\" data-id=\"72d5976\" data-element_type=\"widget\" data-widget_type=\"heading.default\">\n\t\t\t\t<div class=\"elementor-widget-container\">\n\t\t\t\t\t<h1 class=\"elementor-heading-title elementor-size-default\">Terms and conditions<\/h1>\t\t\t\t<\/div>\n\t\t\t\t<\/div>\n\t\t\t\t<\/div>\n\t\t<div class=\"elementor-element elementor-element-f4becfa e-flex e-con-boxed e-con e-parent\" data-id=\"f4becfa\" data-element_type=\"container\">\n\t\t\t\t\t<div class=\"e-con-inner\">\n\t\t\t\t<div class=\"elementor-element elementor-element-3486e73 elementor-widget-laptop__width-initial elementor-widget elementor-widget-heading\" data-id=\"3486e73\" data-element_type=\"widget\" data-widget_type=\"heading.default\">\n\t\t\t\t<div class=\"elementor-widget-container\">\n\t\t\t\t\t<h2 class=\"elementor-heading-title elementor-size-default\">Private groups: Jogas <br>Only with your Team!<\/h2>\t\t\t\t<\/div>\n\t\t\t\t<\/div>\n\t\t\t\t<div class=\"elementor-element elementor-element-ad77486 elementor-widget elementor-widget-text-editor\" data-id=\"ad77486\" data-element_type=\"widget\" data-widget_type=\"text-editor.default\">\n\t\t\t\t<div class=\"elementor-widget-container\">\n\t\t\t\t\t\t\t\t\t<ol>\n<li>Last updated: February 2026<\/li>\n<\/ol>\n<p>These Terms and Conditions govern the use of the website <strong>timeless-experiences.com<\/strong> and the contracting of activities promoted by <strong>Timeless Experiences<\/strong> (hereinafter referred to as \u201cTimeless\u201d). By making a reservation, the customer declares that they have read, understood and fully accepted these terms.<\/p>\n<p><span style=\"font-family: -apple-system, system-ui, Segoe UI, Roboto, Oxygen-Sans, Ubuntu, Cantarell, Helvetica Neue, sans-serif;\"><span style=\"font-size: 32px;\">1. identification of the entity<\/span><\/span><\/p>\n<p>Timeless Experiences<br>Website: www.timeless-experiences.com<br>Contact: geral@timeless-experiences.com<\/p>\n<h2>2. Object<\/h2>\n<p>Timeless organizes entertainment experiences, team building and immersive activities, including, among others, <strong>Buddy Battles<\/strong>, <strong>The Collector<\/strong> and personalized corporate events.<\/p>\n<p>The information provided on the website is for information purposes only and may be changed without prior notice.<\/p>\n<h2>3. Bookings and payments<\/h2>\n<ol>\n<li>\n<p>Reservations are only considered valid after written confirmation from Timeless and\/or receipt of payment.<\/p>\n<\/li>\n<li>\n<p>Timeless reserves the right to refuse bookings that are incomplete, contain incorrect data or do not meet the requirements of the activity.<\/p>\n<\/li>\n<li>\n<p>The prices shown include VAT at the legal rate in force, unless otherwise stated.<\/p>\n<\/li>\n<li>\n<p><strong>Discounts and campaigns:<\/strong><\/p>\n<ul>\n<li>\n<p>Discounts are not cumulative unless expressly stated otherwise.<\/p>\n<\/li>\n<li>\n<p>Timeless reserves the right to change, suspend or withdraw any discounts or promotional campaigns at any time, without prior notice.<\/p>\n<\/li>\n<li>\n<p>Discounts do not apply to <strong>team building<\/strong>, Unless otherwise agreed in writing.<\/p>\n<\/li>\n<\/ul>\n<\/li>\n<\/ol>\n<h2>4. Cancellation Policy, Changes and Reduction of Participants<\/h2>\n<p>In the event of total cancellation or a reduction in the number of participants on the client's initiative, the following conditions apply:<\/p>\n<ul>\n<li>\n<p><strong>More than 7 days in advance:<\/strong> 100% refund of the amount paid.<\/p>\n<\/li>\n<li>\n<p><strong>Between 7 and 3 days in advance:<\/strong> 50% refund of the amount paid.<\/p>\n<\/li>\n<li>\n<p><strong>Less than 3 days' notice:<\/strong>&nbsp;there is no right to a refund.<\/p><\/li>\n<\/ul>\n<p>Refunds, where applicable, will be made by the same means of payment used for the booking, within a maximum of 14 working days.<\/p>\n<p>Failure to show up on the day of the activity (\u201cno-show\u201d) is equivalent to cancellation without the right to a refund.<\/p>\n<h2 data-pm-slice=\"1 3 []\">4.1 Punctuality and lateness<\/h2>\n<ol start=\"1\" data-spread=\"false\">\n<li>\n<p>We ask that all participants arrive <strong>15 minutes in advance<\/strong> in relation to the scheduled time.<\/p>\n<\/li>\n<li>\n<p>Timeless' experiences are organized into <strong>sequential sessions throughout the day<\/strong>, Therefore, punctuality is essential in order not to compromise the experience of the group itself or of the following teams.<\/p>\n<\/li>\n<li>\n<p>The group is considered to have reached the hour only when <strong>the whole team is present<\/strong>. Partial arrival of participants is not equivalent to punctual arrival.<\/p>\n<\/li>\n<li>\n<p>If the group arrives with <strong>more than 10 minutes late<\/strong>, The session can be <strong>canceled without refund<\/strong>.<\/p>\n<\/li>\n<\/ol>\n<h2 style=\"font-family: -apple-system, 'system-ui', 'Segoe UI', Roboto, Oxygen-Sans, Ubuntu, Cantarell, 'Helvetica Neue', sans-serif; font-weight: 400; font-size: 32px; letter-spacing: normal; line-height: 1.3;\" data-pm-slice=\"1 3 []\">4.2 Large groups (Buddy Battles)<\/h2>\n<ol style=\"padding-left: 50px; font-family: -apple-system, 'system-ui', 'Segoe UI', Roboto, Oxygen-Sans, Ubuntu, Cantarell, 'Helvetica Neue', sans-serif; font-size: 18px;\" start=\"1\" data-spread=\"false\">\n<li>\n<p data-start=\"269\" data-end=\"625\">Whenever, depending on the estimated number of participants, it is necessary to reserve <strong data-start=\"353\" data-end=\"389\">two consecutive time slots<\/strong> for the same group - because the duration of the activity is longer than normal - and the group is divided into four teams for the purposes of dynamics and organization, a minimum number of invoices corresponding to 16 participants will apply.<\/p>\n<\/li>\n<li>\n<p data-start=\"627\" data-end=\"827\">The client can confirm the final number of participants up to 7 days before the date of the activity. <strong data-start=\"725\" data-end=\"749\">During this period<\/strong>, The normal cancellation policy set out in the Terms and Conditions applies.<\/p>\n<\/li>\n<li>\n<p data-start=\"524\" data-end=\"857\">In<strong data-start=\"833\" data-end=\"870\">&nbsp;7 days before the activity<\/strong>, The minimum billing number of 16 participants applies regardless of the actual number of participants, <strong data-start=\"985\" data-end=\"1044\">however, the normal cancellation policy will be maintained<\/strong>.<\/p>\n<\/li>\n<li>\n<p data-start=\"524\" data-end=\"857\">This is because the activity has a <strong data-start=\"1092\" data-end=\"1122\">longer than normal<\/strong>, This means that two consecutive time slots must be booked to guarantee the availability of the space and the coordination team for the duration of the activity.<\/p>\n<\/li>\n<\/ol>\n<h2 style=\"font-family: -apple-system, 'system-ui', 'Segoe UI', Roboto, Oxygen-Sans, Ubuntu, Cantarell, 'Helvetica Neue', sans-serif; font-weight: 400; font-size: 32px; letter-spacing: normal; line-height: 1.3;\" data-pm-slice=\"1 3 []\">4.3 Rescheduling<\/h2>\n<p>Requests for rescheduling are always subject to availability and the conditions set out below:<\/p>\n<ul>\n<li>\n<p><strong>7 or more days in advance:<\/strong><br>Self-booking can be done free of charge via the booking management link sent in the confirmation email.<\/p>\n<p>If the customer prefers the rescheduling to be carried out manually by the Timeless team (via email, telephone or WhatsApp), a fixed administrative and logistical fee of <strong>25\u20ac per booking<\/strong>.<\/p>\n<p>This fee is intended to cover the operational and administrative time associated with manually changing a reservation, namely: checking availability, reassigning human resources, updating internal systems and managing vacancies that may no longer be available to other customers.<\/p>\n<\/li>\n<li>\n<p><strong>Between 6 days and 72 hours in advance:<\/strong><br>Rescheduling is only possible by contacting Timeless and paying the fixed fee of <strong>25\u20ac per booking<\/strong>, Additional costs may be added if there are significant operational impacts.<\/p>\n<\/li>\n<li>\n<p><strong>Less than 72 hours:<\/strong><br>Rescheduling is not guaranteed and will be analyzed on a case-by-case basis. If it is accepted, a flat fee of <strong>25\u20ac<\/strong>, There may be additional operating costs.<\/p>\n<\/li>\n<li>\n<p><strong>Less than 24 hours or no-show:<\/strong><br>It cannot be rescheduled and there is no right to a refund.<\/p>\n<\/li>\n<\/ul>\n<div>\n<h3>4.4 Time limit for rescheduling<\/h3>\n<p>Any rescheduling, when accepted, must take place on a new date to be held at the <strong>2 weeks after the original booking date<\/strong>, and always according to Timeless' availability.<\/p>\n<p>Timeless does not guarantee availability for specific dates and rescheduling will only be confirmed after written validation.<\/p>\n<p>For operational and agenda management reasons:<\/p>\n<ul>\n<li>\n<p>Each booking can only be rescheduled once;<\/p>\n<\/li>\n<li>\n<p>The proposed new date must fall within a reasonable period after the initial date, and it is not possible to postpone the activity indefinitely;<\/p>\n<\/li>\n<li>\n<p>If there is no availability within the period indicated, the nearest available alternatives will be presented.<\/p>\n<\/li>\n<\/ul>\n<\/div>\n<p>Rescheduling is only confirmed after written validation from Timeless.<\/p>\n<p>Meteorological conditions, forecasts of bad weather or fear of displacement do not suspend or replace the conditions described above and are covered in section 9 (Meteorological Conditions).<\/p>\n<h3>4.5 Specific rules per activity<\/h3>\n<p><strong>The Collector<\/strong><\/p>\n<ul data-spread=\"false\">\n<li>\n<p>The activity <strong>will not start until all participants are present<\/strong>.<\/p>\n<\/li>\n<li>\n<p>If the maximum delay time is exceeded, the activity may be canceled, with no right to a refund.<\/p>\n<\/li>\n<\/ul>\n<p><strong>Buddy Battles<\/strong><\/p>\n<ul data-spread=\"false\">\n<li>\n<p>The session will start with the available participants, provided they are present <strong>at least 4 participants<\/strong>.<\/p>\n<\/li>\n<li>\n<p>The rest of the participants will be able to join the activity at a later date.<\/p>\n<\/li>\n<li>\n<p>If the minimum number of participants is not present and the maximum delay time is exceeded, the session may be canceled, with no right to a refund.<\/p>\n<\/li>\n<\/ul>\n<h2>5. Capturing and Using Images and Sound<\/h2>\n<p>By making a reservation, the client and all participants authorize the capture of images, video and sound during the activity.<\/p>\n<p>This collection may be used by Timeless for communication, dissemination and marketing purposes, namely on social networks, website, promotional materials and advertising campaigns, without the right to any compensation.<\/p>\n<p>If any participant does not wish to be picked up, they must inform Timeless in writing beforehand.<\/p>\n<h2>6. Children's participation<\/h2>\n<h3>6.1 Buddy Battles<\/h3>\n<ul>\n<li>\n<p>Children, including babies, are not accepted without the express prior agreement of Timeless.<\/p>\n<\/li>\n<li>\n<p>Entry to the venue may be refused if this condition is not met, with no right to a refund.<\/p>\n<\/li>\n<\/ul>\n<h3>6.2 The Collector<\/h3>\n<ul>\n<li>\n<p>A minimum of <strong>1 adult per team<\/strong> when minors are involved.<\/p>\n<\/li>\n<li>\n<p>If this condition is not met, the activity may be canceled without refund.<\/p>\n<\/li>\n<li>\n<p>The accompanying adult is considered <strong>participant<\/strong>, This will count towards the total booking and is subject to payment.<\/p>\n<\/li>\n<\/ul>\n<p>Responsibility for supervising minors lies solely with their legal guardians.<\/p>\n<h2>7. Food, Drink and Conduct<\/h2>\n<ol>\n<li>\n<p>Timeless reserves the right to refuse or stop the participation of people who are visibly intoxicated by alcohol or other substances in any activity, without the right to a refund.<\/p>\n<\/li>\n<li>\n<p>All participants must respect the safety rules, the team's instructions and maintain proper conduct.<\/p>\n<\/li>\n<li>\n<p>Timeless reserves the right to request <strong>immediate departure<\/strong> of customers in the event of excessive noise, inappropriate behavior or any situation that disturbs the normal operation of the facilities, without the right to a refund.<\/p>\n<\/li>\n<li>\n<p>In the activity<strong> Buddy Battles:<\/strong>&nbsp;no outside food or drink is allowed.<\/p>\n<\/li>\n<\/ol>\n<h2>8. Safety and Responsibility<\/h2>\n<ol>\n<li>\n<p>Participation in the activities implies acceptance of the normal risks associated with recreational activities.<\/p>\n<\/li>\n<li>\n<p>Timeless cannot be held responsible for loss, damage or theft of personal belongings during the activity.<\/p>\n<\/li>\n<li>\n<p>Any damage caused to the facilities or equipment through improper use may be charged to the participant responsible.<\/p>\n<\/li>\n<\/ol>\n<h2>9. Weather conditions and<\/h2>\n<div>\n<h3>9.1 Outdoor activities<\/h3>\n<p>Outdoor activities normally take place in a variety of weather conditions, including light rain, cold, heat or cloudy skies, and these situations do not constitute valid grounds for cancellation, rescheduling or refund.<\/p>\n<p>For contractual purposes, a clear distinction is made between <strong>weather forecasts<\/strong> e <strong>real weather conditions<\/strong>:<\/p>\n<ul>\n<li>\n<p>Forecasts of rain, wind or bad weather, regardless of the source, do not constitute valid grounds for canceling, rescheduling or changing the activity.<\/p>\n<\/li>\n<li>\n<p>The relevant assessment is always based on <strong>actual conditions on site and at the time of the activity<\/strong>, and not in advance predictions.<\/p>\n<\/li>\n<\/ul>\n<p>Timeless is solely responsible for deciding whether to carry out, postpone or interrupt the activity, taking into account safety criteria and official information issued by the competent authorities, namely the <strong>IPMA (Portuguese Institute for the Sea and Atmosphere)<\/strong> and Civil Protection.<\/p>\n<p>Potentially dangerous conditions are only considered to be situations duly recognized by official notices, such as:<\/p>\n<ul>\n<li>\n<p>IPMA's active weather warnings for the <b>area<\/b> e <b>time<\/b> of the activity (e.g. orange or red);<\/p>\n<\/li>\n<li>\n<p>Extreme phenomena with a real risk to safety (e.g. active floods, severe thunderstorms, abnormal strong winds).<\/p>\n<\/li>\n<\/ul>\n<p>In these cases, Timeless may, exceptionally:<\/p>\n<ul>\n<li>\n<p>Propose rescheduling to a new date; or<\/p>\n<\/li>\n<li>\n<p>Suggest replacing it with an equivalent indoor activity.<\/p>\n<\/li>\n<\/ul>\n<p>If no alternative is possible due to the total unavailability of Timeless, a full refund may be made.<\/p>\n<p>O <u>fear<\/u> adverse weather conditions, bad weather forecasts, or <u>individual preventive decisions<\/u> of the participants <b>do not constitute valid grounds for cancellation, rescheduling free of charge or refund.<\/b><\/p>\n<h3>9.2 Indoor activities<\/h3>\n<p>Indoor activities are not affected by outside weather conditions.<\/p>\n<p>As such:<\/p>\n<ul>\n<li>\n<p>Forecasts of bad weather, rain, wind or other meteorological phenomena do not constitute valid grounds for canceling, rescheduling or refunding indoor activities.<\/p>\n<\/li>\n<li>\n<p>Logistical difficulties, delays, fear of travel or precautionary decisions related to the weather are not considered force majeure.<\/p>\n<\/li>\n<\/ul>\n<p>Only in exceptional and proven situations of real and widespread risk, supported by official warnings from the competent authorities (e.g. IPMA, Civil Protection), which objectively prevent the safe and normal movement of the general population, will it be possible to <b>a Timeless<\/b> assess the possibility of rescheduling.<\/p>\n<\/div>\n<h2>10. Force Majeure<\/h2>\n<p>Timeless shall not be liable for any failure to comply with or delay in complying with its obligations where this is the result of events of force majeure, such as natural phenomena, technical failures, strikes, legal restrictions or other circumstances beyond its control.<\/p>\n<p>In these situations, Timeless will try to offer a rescheduling whenever possible.<\/p>\n<h2>11. Data Protection<\/h2>\n<p>The personal data collected is processed in accordance with the applicable data protection legislation and in accordance with the Privacy Policy available on the website.<\/p>\n<h2>12. Changes to the Terms and Conditions<\/h2>\n<p>Timeless reserves the right to change these Terms and Conditions at any time. Changes take effect from the date they are published on the website.<\/p>\n<h2>13. Applicable Law and Jurisdiction<\/h2>\n<p>These Terms and Conditions are governed by Portuguese law.<\/p>\n<p>For the resolution of any disputes arising, the jurisdiction of the district where Timeless has its registered office is competent, with the express waiver of any other.<\/p>\t\t\t\t\t\t\t\t<\/div>\n\t\t\t\t<\/div>\n\t\t\t\t\t<\/div>\n\t\t\t\t<\/div>\n\t\t\t\t<\/div>","protected":false},"excerpt":{"rendered":"<p>Termos e Condi\u00e7\u00f5es Grupos privados: Jogas S\u00f3 com a tua Equipa! \u00daltima atualiza\u00e7\u00e3o: Fevereiro 2026 Os presentes Termos e Condi\u00e7\u00f5es regulam a utiliza\u00e7\u00e3o do website timeless-experiences.com e a contrata\u00e7\u00e3o das atividades promovidas pela Timeless Experiences (doravante designada por \u201cTimeless\u201d). Ao efetuar uma reserva, o cliente declara que leu, compreendeu e aceitou integralmente estes termos. 1.<a class=\"more-link\" href=\"https:\/\/timeless-experiences.com\/en\/terms-and-conditions\/\">Continue reading <span class=\"screen-reader-text\">&#8220;Termos e Condi\u00e7\u00f5es&#8221;<\/span><\/a><\/p>","protected":false},"author":1,"featured_media":0,"parent":0,"menu_order":0,"comment_status":"closed","ping_status":"closed","template":"elementor_header_footer","meta":{"footnotes":""},"class_list":["post-3561","page","type-page","status-publish","hentry","entry"],"_links":{"self":[{"href":"https:\/\/timeless-experiences.com\/en\/wp-json\/wp\/v2\/pages\/3561","targetHints":{"allow":["GET"]}}],"collection":[{"href":"https:\/\/timeless-experiences.com\/en\/wp-json\/wp\/v2\/pages"}],"about":[{"href":"https:\/\/timeless-experiences.com\/en\/wp-json\/wp\/v2\/types\/page"}],"author":[{"embeddable":true,"href":"https:\/\/timeless-experiences.com\/en\/wp-json\/wp\/v2\/users\/1"}],"replies":[{"embeddable":true,"href":"https:\/\/timeless-experiences.com\/en\/wp-json\/wp\/v2\/comments?post=3561"}],"version-history":[{"count":25,"href":"https:\/\/timeless-experiences.com\/en\/wp-json\/wp\/v2\/pages\/3561\/revisions"}],"predecessor-version":[{"id":3893,"href":"https:\/\/timeless-experiences.com\/en\/wp-json\/wp\/v2\/pages\/3561\/revisions\/3893"}],"wp:attachment":[{"href":"https:\/\/timeless-experiences.com\/en\/wp-json\/wp\/v2\/media?parent=3561"}],"curies":[{"name":"wp","href":"https:\/\/api.w.org\/{rel}","templated":true}]}}