{"id":3572,"date":"2026-01-09T21:24:41","date_gmt":"2026-01-09T21:24:41","guid":{"rendered":"https:\/\/timeless-experiences.com\/?page_id=3572"},"modified":"2026-01-11T19:23:35","modified_gmt":"2026-01-11T19:23:35","slug":"politica-de-cookies","status":"publish","type":"page","link":"https:\/\/timeless-experiences.com\/es\/politica-de-cookies\/","title":{"rendered":"Pol\u00edtica de cookies"},"content":{"rendered":"<style>.elementor-3572 .elementor-element.elementor-element-89601cd{--display:flex;--flex-direction:column;--container-widget-width:100%;--container-widget-height:initial;--container-widget-flex-grow:0;--container-widget-align-self:initial;--flex-wrap-mobile:wrap;}.elementor-3572 .elementor-element.elementor-element-89601cd.e-con{--flex-grow:0;--flex-shrink:0;}.elementor-widget-heading .elementor-heading-title{font-family:var( --e-global-typography-primary-font-family ), Sans-serif;font-weight:var( --e-global-typography-primary-font-weight );color:var( --e-global-color-primary );}.elementor-3572 .elementor-element.elementor-element-72d5976 .elementor-heading-title{font-family:\"Poppins\", Sans-serif;font-size:49px;font-weight:700;color:var( --e-global-color-b55be5f );}.elementor-3572 .elementor-element.elementor-element-f4becfa{--display:flex;--flex-direction:column;--container-widget-width:100%;--container-widget-height:initial;--container-widget-flex-grow:0;--container-widget-align-self:initial;--flex-wrap-mobile:wrap;}.elementor-widget-text-editor{font-family:var( --e-global-typography-text-font-family ), Sans-serif;font-weight:var( --e-global-typography-text-font-weight );color:var( --e-global-color-text );}.elementor-widget-text-editor.elementor-drop-cap-view-stacked .elementor-drop-cap{background-color:var( --e-global-color-primary );}.elementor-widget-text-editor.elementor-drop-cap-view-framed .elementor-drop-cap, .elementor-widget-text-editor.elementor-drop-cap-view-default .elementor-drop-cap{color:var( --e-global-color-primary );border-color:var( --e-global-color-primary );}.elementor-3572 .elementor-element.elementor-element-ad77486{text-align:justify;font-family:\"Poppins\", Sans-serif;font-weight:400;color:var( --e-global-color-6da68dd );}@media(min-width:768px){.elementor-3572 .elementor-element.elementor-element-89601cd{--width:95.161%;}}@media(max-width:1366px){.elementor-3572 .elementor-element.elementor-element-72d5976 .elementor-heading-title{font-size:50px;}}@media(max-width:880px){.elementor-3572 .elementor-element.elementor-element-72d5976 .elementor-heading-title{font-size:40px;}}<\/style>\t\t<div data-elementor-type=\"wp-page\" data-elementor-id=\"3572\" class=\"elementor elementor-3572\" data-elementor-post-type=\"page\">\n\t\t\t\t<div class=\"elementor-element elementor-element-89601cd e-con-full e-flex e-con e-parent\" data-id=\"89601cd\" data-element_type=\"container\">\n\t\t\t\t<div class=\"elementor-element elementor-element-72d5976 elementor-widget elementor-widget-heading\" data-id=\"72d5976\" data-element_type=\"widget\" data-widget_type=\"heading.default\">\n\t\t\t\t<div class=\"elementor-widget-container\">\n\t\t\t\t\t<h1 class=\"elementor-heading-title elementor-size-default\">Pol\u00edtica de cookies<\/h1>\t\t\t\t<\/div>\n\t\t\t\t<\/div>\n\t\t\t\t<\/div>\n\t\t<div class=\"elementor-element elementor-element-f4becfa e-flex e-con-boxed e-con e-parent\" data-id=\"f4becfa\" data-element_type=\"container\">\n\t\t\t\t\t<div class=\"e-con-inner\">\n\t\t\t\t<div class=\"elementor-element elementor-element-ad77486 elementor-widget elementor-widget-text-editor\" data-id=\"ad77486\" data-element_type=\"widget\" data-widget_type=\"text-editor.default\">\n\t\t\t\t<div class=\"elementor-widget-container\">\n\t\t\t\t\t\t\t\t\t<p>\u00daltima actualizaci\u00f3n: enero de 2026<\/p><p>\u00a0<\/p><p>En esta Pol\u00edtica de Cookies se explica qu\u00e9 son las cookies, c\u00f3mo las <strong>Timeless Experiences<\/strong> los utiliza en el sitio web <strong>experiencias-temporales.com<\/strong> y c\u00f3mo el usuario puede gestionar sus preferencias, de acuerdo con la <strong>Reglamento general de protecci\u00f3n de datos (RGPD)<\/strong> y la legislaci\u00f3n aplicable en materia de comunicaciones electr\u00f3nicas.<\/p><p>Al continuar navegando por nuestro sitio web, usted acepta el uso de cookies en los t\u00e9rminos descritos en esta pol\u00edtica, a menos que haya configurado su navegador o panel de preferencias para rechazarlas.<\/p><h2>\u00a0<\/h2><h2>1. \u00bfQu\u00e9 son las cookies?<\/h2><p>Las cookies son peque\u00f1os archivos de texto que se almacenan en su dispositivo (ordenador, smartphone o tableta) cuando visita un sitio web. Estos archivos permiten reconocer al usuario, recordar sus preferencias y mejorar la experiencia de navegaci\u00f3n.<\/p><p>Las cookies no pueden identificar directamente a una persona, pero pueden recoger informaci\u00f3n sobre el dispositivo, el navegador y el comportamiento de navegaci\u00f3n.<\/p><h2>\u00a0<\/h2><h2>2. \u00bfPara qu\u00e9 utilizamos las cookies?<\/h2><p>Utilizamos cookies para:<\/p><ul><li><p>Garantizar el correcto funcionamiento del sitio web;<\/p><\/li><li><p>Memorizar las preferencias del usuario;<\/p><\/li><li><p>Analizar el uso del sitio web y mejorar su rendimiento;<\/p><\/li><li><p>Medir las estad\u00edsticas de acceso y navegaci\u00f3n;<\/p><\/li><li><p>Apoyar las acciones de marketing y comunicaci\u00f3n, cuando proceda.<\/p><\/li><\/ul><h2>\u00a0<\/h2><h2>3. Tipos de cookies utilizadas<\/h2><div>\u00a0<\/div><h3>3.1 Cookies estrictamente necesarias<\/h3><p>Son esenciales para el funcionamiento del sitio web y no pueden desactivarse en nuestros sistemas. Por lo general, solo se configuran en respuesta a acciones realizadas por el usuario, como configurar las preferencias de privacidad, iniciar sesi\u00f3n o rellenar formularios.<\/p><h3>3.2 Cookies de rendimiento y estad\u00edsticas<\/h3><div>\u00a0<\/div><p>Nos permiten recopilar informaci\u00f3n sobre el uso que hacen los visitantes del sitio web, como las p\u00e1ginas visitadas, la duraci\u00f3n de la visita y los posibles errores. Estos datos s\u00f3lo se utilizan con fines estad\u00edsticos y de mejora continua.<\/p><h3>3.3 Cookies funcionales<\/h3><div>\u00a0<\/div><p>Permiten memorizar las elecciones del usuario (por ejemplo, idioma o regi\u00f3n) para ofrecerle una experiencia m\u00e1s personalizada.<\/p><h3>3.4 Cookies de marketing<\/h3><p>Pueden utilizarse para presentar contenidos y comunicaciones m\u00e1s pertinentes para el usuario, as\u00ed como para medir la eficacia de las campa\u00f1as. Estas cookies solo se utilizan con consentimiento.<\/p><h2>\u00a0<\/h2><h2>4. Cookies de terceros<\/h2><p>El sitio web puede utilizar cookies de terceros, concretamente de servicios de an\u00e1lisis, plataformas de pago, herramientas de marketing o integraci\u00f3n con redes sociales.<\/p><p>Estos terceros son responsables de sus propias pol\u00edticas de cookies y privacidad.<\/p><h2>\u00a0<\/h2><h2>5. Gesti\u00f3n y desactivaci\u00f3n de cookies<\/h2><p>El usuario puede, en cualquier momento:<\/p><ul><li><p>Configure su navegador para bloquear o eliminar las cookies;<\/p><\/li><li><p>Cambiar las preferencias en el panel de gesti\u00f3n de cookies, cuando est\u00e9 disponible;<\/p><\/li><li><p>Retirar el consentimiento dado previamente.<\/p><\/li><\/ul><p>La desactivaci\u00f3n de determinadas cookies puede afectar al correcto funcionamiento del sitio web.<\/p><h2>\u00a0<\/h2><h2>6. Per\u00edodo de conservaci\u00f3n de las cookies<\/h2><p>Las cookies pueden ser:<\/p><ul><li><p><strong>Cookies de sesi\u00f3n:<\/strong> se borran autom\u00e1ticamente al cerrar el navegador;<\/p><\/li><li><p><strong>Cookies persistentes:<\/strong> permanecen almacenados durante un periodo de tiempo determinado o hasta que se borran manualmente.<\/p><\/li><\/ul><p>Los plazos var\u00edan en funci\u00f3n de la finalidad de la cookie.<\/p><h2>\u00a0<\/h2><h2>7. Cambios en la pol\u00edtica de cookies<\/h2><p>Timeless se reserva el derecho de actualizar esta Pol\u00edtica de Cookies siempre que sea necesario. Los cambios entrar\u00e1n en vigor tras su publicaci\u00f3n en el sitio web.<\/p><h2>\u00a0<\/h2><h2>8. Contacto<\/h2><p>Si tiene alguna pregunta sobre esta Pol\u00edtica de Cookies, puede ponerse en contacto con nosotros en:<\/p><p>Correo electr\u00f3nico: geral@timeless-experiences.com<br \/><br \/>Recomendamos consultar esta pol\u00edtica con regularidad para mantenerse informado sobre el uso de cookies en nuestro sitio web.<\/p>\t\t\t\t\t\t\t\t<\/div>\n\t\t\t\t<\/div>\n\t\t\t\t\t<\/div>\n\t\t\t\t<\/div>\n\t\t\t\t<\/div>","protected":false},"excerpt":{"rendered":"<p>Pol\u00edtica de Cookies \u00daltima actualizaci\u00f3n: Enero 2026 Esta Pol\u00edtica de Cookies explica qu\u00e9 son las cookies, c\u00f3mo las utiliza Timeless Experiences en el sitio web timeless-experiences.com y c\u00f3mo el usuario puede gestionar sus preferencias, de conformidad con el Reglamento General de Protecci\u00f3n de Datos (RGPD) y la legislaci\u00f3n aplicable en materia de cookies.<a class=\"more-link\" href=\"https:\/\/timeless-experiences.com\/es\/politica-de-cookies\/\">Seguir leyendo <span class=\"screen-reader-text\">\u201cPol\u00edtica de cookies\u201d<\/span><\/a><\/p>","protected":false},"author":1,"featured_media":0,"parent":0,"menu_order":0,"comment_status":"closed","ping_status":"closed","template":"elementor_header_footer","meta":{"footnotes":""},"class_list":["post-3572","page","type-page","status-publish","hentry","entry"],"_links":{"self":[{"href":"https:\/\/timeless-experiences.com\/es\/wp-json\/wp\/v2\/pages\/3572","targetHints":{"allow":["GET"]}}],"collection":[{"href":"https:\/\/timeless-experiences.com\/es\/wp-json\/wp\/v2\/pages"}],"about":[{"href":"https:\/\/timeless-experiences.com\/es\/wp-json\/wp\/v2\/types\/page"}],"author":[{"embeddable":true,"href":"https:\/\/timeless-experiences.com\/es\/wp-json\/wp\/v2\/users\/1"}],"replies":[{"embeddable":true,"href":"https:\/\/timeless-experiences.com\/es\/wp-json\/wp\/v2\/comments?post=3572"}],"version-history":[{"count":10,"href":"https:\/\/timeless-experiences.com\/es\/wp-json\/wp\/v2\/pages\/3572\/revisions"}],"predecessor-version":[{"id":3592,"href":"https:\/\/timeless-experiences.com\/es\/wp-json\/wp\/v2\/pages\/3572\/revisions\/3592"}],"wp:attachment":[{"href":"https:\/\/timeless-experiences.com\/es\/wp-json\/wp\/v2\/media?parent=3572"}],"curies":[{"name":"wp","href":"https:\/\/api.w.org\/{rel}","templated":true}]}}