{"id":3561,"date":"2026-01-09T10:58:06","date_gmt":"2026-01-09T10:58:06","guid":{"rendered":"https:\/\/timeless-experiences.com\/?page_id=3561"},"modified":"2026-04-03T17:52:46","modified_gmt":"2026-04-03T17:52:46","slug":"conditions-generales","status":"publish","type":"page","link":"https:\/\/timeless-experiences.com\/fr\/conditions-generales\/","title":{"rendered":"Conditions d'utilisation"},"content":{"rendered":"<style>.elementor-3561 .elementor-element.elementor-element-89601cd{--display:flex;--flex-direction:column;--container-widget-width:100%;--container-widget-height:initial;--container-widget-flex-grow:0;--container-widget-align-self:initial;--flex-wrap-mobile:wrap;}.elementor-3561 .elementor-element.elementor-element-89601cd.e-con{--flex-grow:0;--flex-shrink:0;}.elementor-widget-heading .elementor-heading-title{font-family:var( --e-global-typography-primary-font-family ), Sans-serif;font-weight:var( --e-global-typography-primary-font-weight );color:var( --e-global-color-primary );}.elementor-3561 .elementor-element.elementor-element-72d5976 .elementor-heading-title{font-family:\"Poppins\", Sans-serif;font-size:49px;font-weight:700;color:var( --e-global-color-b55be5f );}.elementor-3561 .elementor-element.elementor-element-f4becfa{--display:flex;--flex-direction:column;--container-widget-width:100%;--container-widget-height:initial;--container-widget-flex-grow:0;--container-widget-align-self:initial;--flex-wrap-mobile:wrap;}.elementor-3561 .elementor-element.elementor-element-3486e73.elementor-element{--align-self:center;--flex-grow:0;--flex-shrink:0;}.elementor-3561 .elementor-element.elementor-element-3486e73{text-align:center;}.elementor-3561 .elementor-element.elementor-element-3486e73 .elementor-heading-title{font-family:\"Poppins\", Sans-serif;font-size:44px;font-weight:700;color:var( --e-global-color-accent );}.elementor-widget-text-editor{font-family:var( --e-global-typography-text-font-family ), Sans-serif;font-weight:var( --e-global-typography-text-font-weight );color:var( --e-global-color-text );}.elementor-widget-text-editor.elementor-drop-cap-view-stacked .elementor-drop-cap{background-color:var( --e-global-color-primary );}.elementor-widget-text-editor.elementor-drop-cap-view-framed .elementor-drop-cap, .elementor-widget-text-editor.elementor-drop-cap-view-default .elementor-drop-cap{color:var( --e-global-color-primary );border-color:var( --e-global-color-primary );}.elementor-3561 .elementor-element.elementor-element-ad77486{text-align:justify;font-family:\"Poppins\", Sans-serif;font-weight:400;color:var( --e-global-color-6da68dd );}@media(max-width:1366px){.elementor-3561 .elementor-element.elementor-element-72d5976 .elementor-heading-title{font-size:50px;}.elementor-3561 .elementor-element.elementor-element-3486e73{width:var( --container-widget-width, 571.963px );max-width:571.963px;--container-widget-width:571.963px;--container-widget-flex-grow:0;}}@media(max-width:880px){.elementor-3561 .elementor-element.elementor-element-72d5976 .elementor-heading-title{font-size:40px;}.elementor-3561 .elementor-element.elementor-element-3486e73 .elementor-heading-title{font-size:40px;}}@media(max-width:767px){.elementor-3561 .elementor-element.elementor-element-3486e73{--container-widget-width:100%;--container-widget-flex-grow:0;width:var( --container-widget-width, 100% );max-width:100%;}.elementor-3561 .elementor-element.elementor-element-3486e73 .elementor-heading-title{font-size:30px;}}@media(min-width:768px){.elementor-3561 .elementor-element.elementor-element-89601cd{--width:95.161%;}}<\/style>\t\t<div data-elementor-type=\"wp-page\" data-elementor-id=\"3561\" class=\"elementor elementor-3561\" data-elementor-post-type=\"page\">\n\t\t\t\t<div class=\"elementor-element elementor-element-89601cd e-con-full e-flex e-con e-parent\" data-id=\"89601cd\" data-element_type=\"container\">\n\t\t\t\t<div class=\"elementor-element elementor-element-72d5976 elementor-widget elementor-widget-heading\" data-id=\"72d5976\" data-element_type=\"widget\" data-widget_type=\"heading.default\">\n\t\t\t\t<div class=\"elementor-widget-container\">\n\t\t\t\t\t<h1 class=\"elementor-heading-title elementor-size-default\">Conditions d'utilisation<\/h1>\t\t\t\t<\/div>\n\t\t\t\t<\/div>\n\t\t\t\t<\/div>\n\t\t<div class=\"elementor-element elementor-element-f4becfa e-flex e-con-boxed e-con e-parent\" data-id=\"f4becfa\" data-element_type=\"container\">\n\t\t\t\t\t<div class=\"e-con-inner\">\n\t\t\t\t<div class=\"elementor-element elementor-element-3486e73 elementor-widget-laptop__width-initial elementor-widget elementor-widget-heading\" data-id=\"3486e73\" data-element_type=\"widget\" data-widget_type=\"heading.default\">\n\t\t\t\t<div class=\"elementor-widget-container\">\n\t\t\t\t\t<h2 class=\"elementor-heading-title elementor-size-default\">Groupes priv\u00e9s : Jogas <br>Seulement avec votre \u00e9quipe !<\/h2>\t\t\t\t<\/div>\n\t\t\t\t<\/div>\n\t\t\t\t<div class=\"elementor-element elementor-element-ad77486 elementor-widget elementor-widget-text-editor\" data-id=\"ad77486\" data-element_type=\"widget\" data-widget_type=\"text-editor.default\">\n\t\t\t\t<div class=\"elementor-widget-container\">\n\t\t\t\t\t\t\t\t\t<ol>\n<li>Derni\u00e8re mise \u00e0 jour : f\u00e9vrier 2026<\/li>\n<\/ol>\n<p>Les pr\u00e9sentes conditions g\u00e9n\u00e9rales r\u00e9gissent l'utilisation du site web <strong>timeless-experiences.com<\/strong> et la passation de contrats pour des activit\u00e9s promues par <strong>Timeless Experiences<\/strong> (ci-apr\u00e8s d\u00e9nomm\u00e9 \u201cTimeless\u201d). En effectuant une r\u00e9servation, le client d\u00e9clare avoir lu, compris et pleinement accept\u00e9 les pr\u00e9sentes conditions.<\/p>\n<p><span style=\"font-family: -apple-system, system-ui, Segoe UI, Roboto, Oxygen-Sans, Ubuntu, Cantarell, Helvetica Neue, sans-serif;\"><span style=\"font-size: 32px;\">1. identification de l'organisation<\/span><\/span><\/p>\n<p>Timeless Experiences<br>Site web : www.timeless-experiences.com<br>Contact : geral@timeless-experiences.com<\/p>\n<h2>2. L'objet<\/h2>\n<p>Timeless organise des exp\u00e9riences de divertissement, des activit\u00e9s de team building et des activit\u00e9s immersives, y compris, entre autres, <strong>Buddy Battles<\/strong>, <strong>Le Collectionneur<\/strong> et des \u00e9v\u00e9nements d'entreprise personnalis\u00e9s.<\/p>\n<p>Les informations fournies sur le site web le sont \u00e0 titre indicatif et peuvent \u00eatre modifi\u00e9es sans pr\u00e9avis.<\/p>\n<h2>3. R\u00e9servations et paiements<\/h2>\n<ol>\n<li>\n<p>Les r\u00e9servations ne sont consid\u00e9r\u00e9es comme valables qu'apr\u00e8s confirmation \u00e9crite de Timeless et\/ou r\u00e9ception du paiement.<\/p>\n<\/li>\n<li>\n<p>Timeless se r\u00e9serve le droit de refuser les r\u00e9servations incompl\u00e8tes, contenant des donn\u00e9es incorrectes ou ne r\u00e9pondant pas aux exigences de l'activit\u00e9.<\/p>\n<\/li>\n<li>\n<p>Les prix indiqu\u00e9s incluent la TVA au taux l\u00e9gal en vigueur, sauf indication contraire.<\/p>\n<\/li>\n<li>\n<p><strong>Remises et campagnes :<\/strong><\/p>\n<ul>\n<li>\n<p>Les remises ne sont pas cumulables, sauf indication contraire expresse.<\/p>\n<\/li>\n<li>\n<p>Timeless se r\u00e9serve le droit de modifier, de suspendre ou de retirer toute remise ou campagne promotionnelle \u00e0 tout moment, sans pr\u00e9avis.<\/p>\n<\/li>\n<li>\n<p>Les r\u00e9ductions ne s'appliquent pas <strong>renforcement de l'esprit d'\u00e9quipe<\/strong>, Sauf accord \u00e9crit contraire.<\/p>\n<\/li>\n<\/ul>\n<\/li>\n<\/ol>\n<h2>4. Politique d'annulation, modifications et r\u00e9duction du nombre de participants<\/h2>\n<p>En cas d'annulation totale ou de r\u00e9duction du nombre de participants \u00e0 l'initiative du client, les conditions suivantes s'appliquent :<\/p>\n<ul>\n<li>\n<p><strong>Plus de 7 jours \u00e0 l'avance :<\/strong> 100% remboursement du montant pay\u00e9.<\/p>\n<\/li>\n<li>\n<p><strong>Entre 7 et 3 jours \u00e0 l'avance :<\/strong> 50% remboursement du montant pay\u00e9.<\/p>\n<\/li>\n<li>\n<p><strong>Moins de 3 jours \u00e0 l'avance :<\/strong>&nbsp;il n'y a pas de droit au remboursement.<\/p><\/li>\n<\/ul>\n<p>Les remboursements, le cas \u00e9ch\u00e9ant, seront effectu\u00e9s par le m\u00eame moyen de paiement que celui utilis\u00e9 pour la r\u00e9servation, dans un d\u00e9lai maximum de 14 jours ouvrables.<\/p>\n<p>Le fait de ne pas se pr\u00e9senter le jour de l'activit\u00e9 (\u201cno-show\u201d) \u00e9quivaut \u00e0 une annulation sans droit \u00e0 un remboursement.<\/p>\n<h2 data-pm-slice=\"1 3 []\">4.1 Ponctualit\u00e9 et retard<\/h2>\n<ol start=\"1\" data-spread=\"false\">\n<li>\n<p>Nous demandons \u00e0 tous les participants d'arriver <strong>15 minutes \u00e0 l'avance<\/strong> par rapport \u00e0 l'heure pr\u00e9vue.<\/p>\n<\/li>\n<li>\n<p>Les exp\u00e9riences de Timeless sont organis\u00e9es en <strong>des sessions s\u00e9quentielles tout au long de la journ\u00e9e<\/strong>, la ponctualit\u00e9 est essentielle pour ne pas compromettre l'exp\u00e9rience du groupe lui-m\u00eame ou des \u00e9quipes suivantes.<\/p>\n<\/li>\n<li>\n<p>Le groupe est consid\u00e9r\u00e9 comme ayant atteint l'heure seulement lorsque <strong>toute l'\u00e9quipe est pr\u00e9sente<\/strong>. L'arriv\u00e9e partielle des participants n'est pas \u00e9quivalente \u00e0 l'arriv\u00e9e ponctuelle.<\/p>\n<\/li>\n<li>\n<p>Si le groupe arrive avec <strong>plus de 10 minutes de retard<\/strong>, La session peut \u00eatre <strong>annul\u00e9 sans remboursement<\/strong>.<\/p>\n<\/li>\n<\/ol>\n<h2 style=\"font-family: -apple-system, 'system-ui', 'Segoe UI', Roboto, Oxygen-Sans, Ubuntu, Cantarell, 'Helvetica Neue', sans-serif; font-weight: 400; font-size: 32px; letter-spacing: normal; line-height: 1.3;\" data-pm-slice=\"1 3 []\">4.2 Grands groupes (batailles de copains)<\/h2>\n<ol style=\"padding-left: 50px; font-family: -apple-system, 'system-ui', 'Segoe UI', Roboto, Oxygen-Sans, Ubuntu, Cantarell, 'Helvetica Neue', sans-serif; font-size: 18px;\" start=\"1\" data-spread=\"false\">\n<li>\n<p data-start=\"269\" data-end=\"625\">Lorsque, en fonction du nombre estim\u00e9 de participants, il est n\u00e9cessaire de r\u00e9server <strong data-start=\"353\" data-end=\"389\">deux cr\u00e9neaux horaires cons\u00e9cutifs<\/strong> pour le m\u00eame groupe - parce que la dur\u00e9e de l'activit\u00e9 est plus longue que la normale - et que le groupe est divis\u00e9 en quatre \u00e9quipes pour des raisons de dynamique et d'organisation, un nombre minimum de factures correspondant \u00e0 16 participants sera d'application.<\/p>\n<\/li>\n<li>\n<p data-start=\"627\" data-end=\"827\">Le client peut confirmer le nombre d\u00e9finitif de participants jusqu'\u00e0 7 jours avant la date de l'activit\u00e9. <strong data-start=\"725\" data-end=\"749\">Au cours de cette p\u00e9riode<\/strong>, Les conditions d'annulation normales \u00e9nonc\u00e9es dans les conditions g\u00e9n\u00e9rales s'appliquent.<\/p>\n<\/li>\n<li>\n<p data-start=\"524\" data-end=\"857\">En<strong data-start=\"833\" data-end=\"870\">&nbsp;7 jours avant l'activit\u00e9<\/strong>, La facturation minimale de 16 participants s'applique quel que soit le nombre r\u00e9el de participants, <strong data-start=\"985\" data-end=\"1044\">toutefois, la politique d'annulation normale sera maintenue<\/strong>.<\/p>\n<\/li>\n<li>\n<p data-start=\"524\" data-end=\"857\">Cela s'explique par le fait que l'activit\u00e9 a une dur\u00e9e de vie limit\u00e9e. <strong data-start=\"1092\" data-end=\"1122\">plus long que la normale<\/strong>, Cela signifie que deux cr\u00e9neaux horaires cons\u00e9cutifs doivent \u00eatre r\u00e9serv\u00e9s pour garantir la disponibilit\u00e9 de l'espace et de l'\u00e9quipe de coordination pendant la dur\u00e9e de l'activit\u00e9.<\/p>\n<\/li>\n<\/ol>\n<h2 style=\"font-family: -apple-system, 'system-ui', 'Segoe UI', Roboto, Oxygen-Sans, Ubuntu, Cantarell, 'Helvetica Neue', sans-serif; font-weight: 400; font-size: 32px; letter-spacing: normal; line-height: 1.3;\" data-pm-slice=\"1 3 []\">4.3 Reprogrammation<\/h2>\n<p>Les demandes de reprogrammation sont toujours soumises \u00e0 la disponibilit\u00e9 et aux conditions \u00e9nonc\u00e9es ci-dessous :<\/p>\n<ul>\n<li>\n<p><strong>7 jours ou plus \u00e0 l'avance :<\/strong><br>L'auto-r\u00e9servation peut \u00eatre effectu\u00e9e gratuitement via le lien de gestion des r\u00e9servations envoy\u00e9 dans l'e-mail de confirmation.<\/p>\n<p>Si le client pr\u00e9f\u00e8re que la reprogrammation soit effectu\u00e9e manuellement par l'\u00e9quipe de Timeless (par e-mail, t\u00e9l\u00e9phone ou WhatsApp), des frais administratifs et logistiques fixes d'un montant de <strong>25\u20ac par r\u00e9servation<\/strong>.<\/p>\n<p>Ces frais sont destin\u00e9s \u00e0 couvrir le temps op\u00e9rationnel et administratif associ\u00e9 \u00e0 la modification manuelle d'une r\u00e9servation, \u00e0 savoir : la v\u00e9rification de la disponibilit\u00e9, la r\u00e9affectation des ressources humaines, la mise \u00e0 jour des syst\u00e8mes internes et la gestion des offres d'emploi qui peuvent ne plus \u00eatre disponibles pour d'autres clients.<\/p>\n<\/li>\n<li>\n<p><strong>Entre 6 jours et 72 heures \u00e0 l'avance :<\/strong><br>La reprogrammation n'est possible qu'en contactant Timeless et en payant la somme forfaitaire de <strong>25\u20ac par r\u00e9servation<\/strong>, Cela peut entra\u00eener des co\u00fbts suppl\u00e9mentaires en cas d'impacts op\u00e9rationnels significatifs.<\/p>\n<\/li>\n<li>\n<p><strong>Moins de 72 heures :<\/strong><br>La reprogrammation n'est pas garantie et sera analys\u00e9e au cas par cas. En cas d'acceptation, une somme forfaitaire de <strong>25\u20ac<\/strong>, Cela peut entra\u00eener des co\u00fbts d'exploitation suppl\u00e9mentaires.<\/p>\n<\/li>\n<li>\n<p><strong>Moins de 24 heures ou non pr\u00e9sentation :<\/strong><br>Il n'est pas possible de reporter le rendez-vous et il n'y a pas de droit \u00e0 un remboursement.<\/p>\n<\/li>\n<\/ul>\n<div>\n<h3>4.4 D\u00e9lai de reprogrammation<\/h3>\n<p>Tout changement de date, s'il est accept\u00e9, doit avoir lieu \u00e0 une nouvelle date qui sera fix\u00e9e \u00e0 l'adresse suivante <strong>2 semaines apr\u00e8s la date de r\u00e9servation initiale<\/strong>, et toujours en fonction de la disponibilit\u00e9 de Timeless.<\/p>\n<p>Timeless ne garantit pas la disponibilit\u00e9 pour des dates sp\u00e9cifiques et la reprogrammation ne sera confirm\u00e9e qu'apr\u00e8s validation \u00e9crite.<\/p>\n<p>Pour des raisons op\u00e9rationnelles et de gestion de l'agenda :<\/p>\n<ul>\n<li>\n<p>Chaque r\u00e9servation ne peut \u00eatre reprogramm\u00e9e qu'une seule fois ;<\/p>\n<\/li>\n<li>\n<p>La nouvelle date propos\u00e9e doit se situer dans un d\u00e9lai raisonnable apr\u00e8s la date initiale, et il n'est pas possible de reporter l'activit\u00e9 ind\u00e9finiment ;<\/p>\n<\/li>\n<li>\n<p>S'il n'y a pas de disponibilit\u00e9 dans la p\u00e9riode indiqu\u00e9e, les alternatives disponibles les plus proches seront pr\u00e9sent\u00e9es.<\/p>\n<\/li>\n<\/ul>\n<\/div>\n<p>La reprogrammation n'est confirm\u00e9e qu'apr\u00e8s validation \u00e9crite de Timeless.<\/p>\n<p>Les conditions m\u00e9t\u00e9orologiques, les pr\u00e9visions de mauvais temps ou les craintes de d\u00e9placement ne suspendent ni ne remplacent les conditions d\u00e9crites ci-dessus et sont couvertes par la section 9 (Conditions m\u00e9t\u00e9orologiques).<\/p>\n<h3>4.5 R\u00e8gles sp\u00e9cifiques par activit\u00e9<\/h3>\n<p><strong>Le Collectionneur<\/strong><\/p>\n<ul data-spread=\"false\">\n<li>\n<p>L'activit\u00e9 <strong>ne commencera que lorsque tous les participants seront pr\u00e9sents<\/strong>.<\/p>\n<\/li>\n<li>\n<p>En cas de d\u00e9passement du d\u00e9lai maximum, l'activit\u00e9 peut \u00eatre annul\u00e9e, sans droit \u00e0 remboursement.<\/p>\n<\/li>\n<\/ul>\n<p><strong>Buddy Battles<\/strong><\/p>\n<ul data-spread=\"false\">\n<li>\n<p>La session d\u00e9butera avec les participants disponibles, \u00e0 condition qu'ils soient pr\u00e9sents <strong>au moins 4 participants<\/strong>.<\/p>\n<\/li>\n<li>\n<p>Les autres participants pourront se joindre \u00e0 l'activit\u00e9 \u00e0 une date ult\u00e9rieure.<\/p>\n<\/li>\n<li>\n<p>Si le nombre minimum de participants n'est pas atteint et que le d\u00e9lai maximum est d\u00e9pass\u00e9, la session peut \u00eatre annul\u00e9e, sans droit \u00e0 remboursement.<\/p>\n<\/li>\n<\/ul>\n<h2>5. Capturer et utiliser des images et du son<\/h2>\n<p>En effectuant une r\u00e9servation, le client et tous les participants autorisent la prise d'images, de vid\u00e9os et de sons pendant l'activit\u00e9.<\/p>\n<p>Ces donn\u00e9es peuvent \u00eatre utilis\u00e9es par Timeless \u00e0 des fins de communication, de diffusion et de marketing, notamment sur les r\u00e9seaux sociaux, les sites web, le mat\u00e9riel promotionnel et les campagnes publicitaires, sans droit \u00e0 une quelconque compensation.<\/p>\n<p>Si un participant ne souhaite pas \u00eatre pris en charge, il doit en informer Timeless par \u00e9crit au pr\u00e9alable.<\/p>\n<h2>6. Participation des enfants<\/h2>\n<h3>6.1 Batailles de copains<\/h3>\n<ul>\n<li>\n<p>Les enfants, y compris les b\u00e9b\u00e9s, ne sont pas accept\u00e9s sans l'accord expr\u00e8s et pr\u00e9alable de Timeless.<\/p>\n<\/li>\n<li>\n<p>L'entr\u00e9e peut \u00eatre refus\u00e9e sur place si cette condition n'est pas remplie, sans droit \u00e0 remboursement.<\/p>\n<\/li>\n<\/ul>\n<h3>6.2 Le collecteur<\/h3>\n<ul>\n<li>\n<p>Un minimum de <strong>1 adulte par \u00e9quipe<\/strong> lorsque des mineurs sont impliqu\u00e9s.<\/p>\n<\/li>\n<li>\n<p>Si cette condition n'est pas remplie, l'activit\u00e9 peut \u00eatre annul\u00e9e sans remboursement.<\/p>\n<\/li>\n<li>\n<p>L'adulte accompagnant est consid\u00e9r\u00e9 comme <strong>participant<\/strong>, Ce montant sera pris en compte dans le total de la r\u00e9servation et sera soumis \u00e0 paiement.<\/p>\n<\/li>\n<\/ul>\n<p>La responsabilit\u00e9 de la surveillance des mineurs incombe exclusivement \u00e0 leurs tuteurs l\u00e9gaux.<\/p>\n<h2>7. Alimentation, boissons et comportement<\/h2>\n<ol>\n<li>\n<p>Timeless se r\u00e9serve le droit de refuser ou d'interrompre la participation de personnes visiblement intoxiqu\u00e9es par l'alcool ou d'autres substances \u00e0 toute activit\u00e9, sans droit \u00e0 un remboursement.<\/p>\n<\/li>\n<li>\n<p>Tous les participants doivent respecter les r\u00e8gles de s\u00e9curit\u00e9, les instructions de l'\u00e9quipe et avoir un comportement appropri\u00e9.<\/p>\n<\/li>\n<li>\n<p>Timeless se r\u00e9serve le droit de demander <strong>d\u00e9part imm\u00e9diat<\/strong> des clients en cas de bruit excessif, de comportement inappropri\u00e9 ou de toute situation perturbant le fonctionnement normal des locaux, sans droit \u00e0 un remboursement.<\/p>\n<\/li>\n<li>\n<p>Dans l'activit\u00e9<strong> Batailles de copains :<\/strong>&nbsp;aucune nourriture ou boisson ext\u00e9rieure n'est autoris\u00e9e.<\/p>\n<\/li>\n<\/ol>\n<h2>8. S\u00e9curit\u00e9 et responsabilit\u00e9<\/h2>\n<ol>\n<li>\n<p>La participation aux activit\u00e9s implique l'acceptation des risques normaux li\u00e9s aux activit\u00e9s r\u00e9cr\u00e9atives.<\/p>\n<\/li>\n<li>\n<p>Timeless ne peut \u00eatre tenu responsable de la perte, de la d\u00e9t\u00e9rioration ou du vol d'effets personnels pendant l'activit\u00e9.<\/p>\n<\/li>\n<li>\n<p>Tout dommage caus\u00e9 aux installations ou \u00e0 l'\u00e9quipement par une utilisation inappropri\u00e9e peut \u00eatre imput\u00e9 au participant responsable.<\/p>\n<\/li>\n<\/ol>\n<h2>9. Conditions m\u00e9t\u00e9orologiques et<\/h2>\n<div>\n<h3>9.1 Activit\u00e9s de plein air<\/h3>\n<p>Les activit\u00e9s de plein air se d\u00e9roulent normalement dans des conditions m\u00e9t\u00e9orologiques vari\u00e9es, notamment sous une pluie fine, dans le froid, la chaleur ou un ciel nuageux, et ces situations ne constituent pas des motifs valables d'annulation, de report ou de remboursement.<\/p>\n<p>\u00c0 des fins contractuelles, une distinction claire est faite entre <strong>pr\u00e9visions m\u00e9t\u00e9orologiques<\/strong> e <strong>les conditions m\u00e9t\u00e9orologiques r\u00e9elles<\/strong>:<\/p>\n<ul>\n<li>\n<p>Les pr\u00e9visions de pluie, de vent ou de mauvais temps, quelle qu'en soit la source, ne constituent pas un motif valable d'annulation, de report ou de modification de l'activit\u00e9.<\/p>\n<\/li>\n<li>\n<p>L'\u00e9valuation pertinente est toujours bas\u00e9e sur <strong>les conditions r\u00e9elles sur le site et au moment de l'activit\u00e9<\/strong>, et non dans des pr\u00e9visions anticip\u00e9es.<\/p>\n<\/li>\n<\/ul>\n<p>La d\u00e9cision d'effectuer, de reporter ou d'interrompre l'activit\u00e9 incombe exclusivement \u00e0 Timeless, en tenant compte des crit\u00e8res de s\u00e9curit\u00e9 et des informations officielles \u00e9mises par les autorit\u00e9s comp\u00e9tentes, \u00e0 savoir les suivants <strong>IPMA (Institut portugais de la mer et de l'atmosph\u00e8re)<\/strong> et de la protection civile.<\/p>\n<p>Seules les situations d\u00fbment reconnues par des avis officiels sont consid\u00e9r\u00e9es comme potentiellement dangereuses, telles que<\/p>\n<ul>\n<li>\n<p>Les alertes m\u00e9t\u00e9orologiques actives de l'IPMA pour le <b>zone<\/b> e <b>temps<\/b> de l'activit\u00e9 (par exemple, orange ou rouge) ;<\/p>\n<\/li>\n<li>\n<p>Ph\u00e9nom\u00e8nes extr\u00eames pr\u00e9sentant un risque r\u00e9el pour la s\u00e9curit\u00e9 (par exemple, inondations actives, orages violents, vents anormalement forts).<\/p>\n<\/li>\n<\/ul>\n<p>Dans ces cas, Timeless peut, \u00e0 titre exceptionnel :<\/p>\n<ul>\n<li>\n<p>Proposer un report \u00e0 une nouvelle date ; ou<\/p>\n<\/li>\n<li>\n<p>Proposez-lui de la remplacer par une activit\u00e9 \u00e9quivalente \u00e0 l'int\u00e9rieur.<\/p>\n<\/li>\n<\/ul>\n<p>Si aucune alternative n'est possible en raison de l'indisponibilit\u00e9 totale de Timeless, un remboursement int\u00e9gral peut \u00eatre effectu\u00e9.<\/p>\n<p>O <u>peur<\/u> des conditions m\u00e9t\u00e9orologiques d\u00e9favorables, des pr\u00e9visions de mauvais temps, ou <u>les d\u00e9cisions pr\u00e9ventives individuelles<\/u> des participants <b>ne constituent pas des motifs valables d'annulation, de report sans frais ou de remboursement.<\/b><\/p>\n<h3>9.2 Activit\u00e9s int\u00e9rieures<\/h3>\n<p>Les activit\u00e9s en int\u00e9rieur ne sont pas affect\u00e9es par les conditions m\u00e9t\u00e9orologiques ext\u00e9rieures.<\/p>\n<p>En tant que tel :<\/p>\n<ul>\n<li>\n<p>Les pr\u00e9visions de mauvais temps, de pluie, de vent ou d'autres ph\u00e9nom\u00e8nes m\u00e9t\u00e9orologiques ne constituent pas des motifs valables d'annulation, de report ou de remboursement des activit\u00e9s en salle.<\/p>\n<\/li>\n<li>\n<p>Les difficult\u00e9s logistiques, les retards, la peur de voyager ou les d\u00e9cisions de pr\u00e9caution li\u00e9es aux conditions m\u00e9t\u00e9orologiques ne sont pas consid\u00e9r\u00e9s comme des cas de force majeure.<\/p>\n<\/li>\n<\/ul>\n<p>Ce n'est que dans des situations exceptionnelles et av\u00e9r\u00e9es de risque r\u00e9el et g\u00e9n\u00e9ralis\u00e9, \u00e9tay\u00e9es par des avertissements officiels des autorit\u00e9s comp\u00e9tentes (par exemple, l'IPMA, la protection civile), qui emp\u00eachent objectivement la circulation s\u00fbre et normale de l'ensemble de la population, que l'on peut <b>un intemporel<\/b> \u00e9valuer la possibilit\u00e9 d'une reprogrammation.<\/p>\n<\/div>\n<h2>10. Force Majeure<\/h2>\n<p>Timeless n'est pas responsable de l'inex\u00e9cution ou du retard dans l'ex\u00e9cution de ses obligations lorsque cela r\u00e9sulte d'\u00e9v\u00e9nements de force majeure, \u00e0 savoir des ph\u00e9nom\u00e8nes naturels, des d\u00e9faillances techniques, des gr\u00e8ves, des restrictions l\u00e9gales ou d'autres circonstances ind\u00e9pendantes de sa volont\u00e9.<\/p>\n<p>Dans ce cas, Timeless s'efforcera, dans la mesure du possible, de proposer une nouvelle r\u00e9servation.<\/p>\n<h2>11. Protection des donn\u00e9es<\/h2>\n<p>Les donn\u00e9es personnelles collect\u00e9es sont trait\u00e9es dans le cadre de la l\u00e9gislation applicable en mati\u00e8re de protection des donn\u00e9es et conform\u00e9ment \u00e0 la politique de confidentialit\u00e9 disponible sur le site web.<\/p>\n<h2>12. Modifications des conditions g\u00e9n\u00e9rales<\/h2>\n<p>Timeless se r\u00e9serve le droit de modifier les pr\u00e9sentes conditions g\u00e9n\u00e9rales \u00e0 tout moment. Les modifications entrent en vigueur \u00e0 la date de leur publication sur le site web.<\/p>\n<h2>13. Droit applicable et juridiction<\/h2>\n<p>Les pr\u00e9sentes conditions sont r\u00e9gies par le droit portugais.<\/p>\n<p>Pour la r\u00e9solution de tout litige en d\u00e9coulant, la juridiction du district o\u00f9 Timeless a son si\u00e8ge social est comp\u00e9tente, renon\u00e7ant express\u00e9ment \u00e0 toute autre juridiction.<\/p>\t\t\t\t\t\t\t\t<\/div>\n\t\t\t\t<\/div>\n\t\t\t\t\t<\/div>\n\t\t\t\t<\/div>\n\t\t\t\t<\/div>","protected":false},"excerpt":{"rendered":"<p>Conditions g\u00e9n\u00e9rales Groupes priv\u00e9s : jouez uniquement avec votre \u00e9quipe ! Derni\u00e8re mise \u00e0 jour : f\u00e9vrier 2026 Les pr\u00e9sentes conditions g\u00e9n\u00e9rales r\u00e9gissent l'utilisation du site Internet timeless-experiences.com et la conclusion d'activit\u00e9s promues par Timeless Experiences (ci-apr\u00e8s d\u00e9nomm\u00e9e \u201cTimeless\u201d). En effectuant une r\u00e9servation, le client d\u00e9clare avoir lu, compris et pleinement accept\u00e9 ces conditions. 1.<a class=\"more-link\" href=\"https:\/\/timeless-experiences.com\/fr\/conditions-generales\/\">Poursuivre la lecture <span class=\"screen-reader-text\">\u201cConditions g\u00e9n\u00e9rales\u201d<\/span><\/a><\/p>","protected":false},"author":1,"featured_media":0,"parent":0,"menu_order":0,"comment_status":"closed","ping_status":"closed","template":"elementor_header_footer","meta":{"footnotes":""},"class_list":["post-3561","page","type-page","status-publish","hentry","entry"],"_links":{"self":[{"href":"https:\/\/timeless-experiences.com\/fr\/wp-json\/wp\/v2\/pages\/3561","targetHints":{"allow":["GET"]}}],"collection":[{"href":"https:\/\/timeless-experiences.com\/fr\/wp-json\/wp\/v2\/pages"}],"about":[{"href":"https:\/\/timeless-experiences.com\/fr\/wp-json\/wp\/v2\/types\/page"}],"author":[{"embeddable":true,"href":"https:\/\/timeless-experiences.com\/fr\/wp-json\/wp\/v2\/users\/1"}],"replies":[{"embeddable":true,"href":"https:\/\/timeless-experiences.com\/fr\/wp-json\/wp\/v2\/comments?post=3561"}],"version-history":[{"count":25,"href":"https:\/\/timeless-experiences.com\/fr\/wp-json\/wp\/v2\/pages\/3561\/revisions"}],"predecessor-version":[{"id":3893,"href":"https:\/\/timeless-experiences.com\/fr\/wp-json\/wp\/v2\/pages\/3561\/revisions\/3893"}],"wp:attachment":[{"href":"https:\/\/timeless-experiences.com\/fr\/wp-json\/wp\/v2\/media?parent=3561"}],"curies":[{"name":"wp","href":"https:\/\/api.w.org\/{rel}","templated":true}]}}