{"id":3572,"date":"2026-01-09T21:24:41","date_gmt":"2026-01-09T21:24:41","guid":{"rendered":"https:\/\/timeless-experiences.com\/?page_id=3572"},"modified":"2026-01-11T19:23:35","modified_gmt":"2026-01-11T19:23:35","slug":"politique-en-matiere-de-cookies","status":"publish","type":"page","link":"https:\/\/timeless-experiences.com\/fr\/politique-en-matiere-de-cookies\/","title":{"rendered":"Politique en mati\u00e8re de cookies"},"content":{"rendered":"<style>.elementor-3572 .elementor-element.elementor-element-89601cd{--display:flex;--flex-direction:column;--container-widget-width:100%;--container-widget-height:initial;--container-widget-flex-grow:0;--container-widget-align-self:initial;--flex-wrap-mobile:wrap;}.elementor-3572 .elementor-element.elementor-element-89601cd.e-con{--flex-grow:0;--flex-shrink:0;}.elementor-widget-heading .elementor-heading-title{font-family:var( --e-global-typography-primary-font-family ), Sans-serif;font-weight:var( --e-global-typography-primary-font-weight );color:var( --e-global-color-primary );}.elementor-3572 .elementor-element.elementor-element-72d5976 .elementor-heading-title{font-family:\"Poppins\", Sans-serif;font-size:49px;font-weight:700;color:var( --e-global-color-b55be5f );}.elementor-3572 .elementor-element.elementor-element-f4becfa{--display:flex;--flex-direction:column;--container-widget-width:100%;--container-widget-height:initial;--container-widget-flex-grow:0;--container-widget-align-self:initial;--flex-wrap-mobile:wrap;}.elementor-widget-text-editor{font-family:var( --e-global-typography-text-font-family ), Sans-serif;font-weight:var( --e-global-typography-text-font-weight );color:var( --e-global-color-text );}.elementor-widget-text-editor.elementor-drop-cap-view-stacked .elementor-drop-cap{background-color:var( --e-global-color-primary );}.elementor-widget-text-editor.elementor-drop-cap-view-framed .elementor-drop-cap, .elementor-widget-text-editor.elementor-drop-cap-view-default .elementor-drop-cap{color:var( --e-global-color-primary );border-color:var( --e-global-color-primary );}.elementor-3572 .elementor-element.elementor-element-ad77486{text-align:justify;font-family:\"Poppins\", Sans-serif;font-weight:400;color:var( --e-global-color-6da68dd );}@media(min-width:768px){.elementor-3572 .elementor-element.elementor-element-89601cd{--width:95.161%;}}@media(max-width:1366px){.elementor-3572 .elementor-element.elementor-element-72d5976 .elementor-heading-title{font-size:50px;}}@media(max-width:880px){.elementor-3572 .elementor-element.elementor-element-72d5976 .elementor-heading-title{font-size:40px;}}<\/style>\t\t<div data-elementor-type=\"wp-page\" data-elementor-id=\"3572\" class=\"elementor elementor-3572\" data-elementor-post-type=\"page\">\n\t\t\t\t<div class=\"elementor-element elementor-element-89601cd e-con-full e-flex e-con e-parent\" data-id=\"89601cd\" data-element_type=\"container\">\n\t\t\t\t<div class=\"elementor-element elementor-element-72d5976 elementor-widget elementor-widget-heading\" data-id=\"72d5976\" data-element_type=\"widget\" data-widget_type=\"heading.default\">\n\t\t\t\t<div class=\"elementor-widget-container\">\n\t\t\t\t\t<h1 class=\"elementor-heading-title elementor-size-default\">Politique en mati\u00e8re de cookies<\/h1>\t\t\t\t<\/div>\n\t\t\t\t<\/div>\n\t\t\t\t<\/div>\n\t\t<div class=\"elementor-element elementor-element-f4becfa e-flex e-con-boxed e-con e-parent\" data-id=\"f4becfa\" data-element_type=\"container\">\n\t\t\t\t\t<div class=\"e-con-inner\">\n\t\t\t\t<div class=\"elementor-element elementor-element-ad77486 elementor-widget elementor-widget-text-editor\" data-id=\"ad77486\" data-element_type=\"widget\" data-widget_type=\"text-editor.default\">\n\t\t\t\t<div class=\"elementor-widget-container\">\n\t\t\t\t\t\t\t\t\t<p>Derni\u00e8re mise \u00e0 jour : janvier 2026<\/p><p>\u00a0<\/p><p>La pr\u00e9sente politique en mati\u00e8re de cookies explique ce que sont les cookies, comment le site Internet de la Commission europ\u00e9enne les utilise et comment il les utilise. <strong>Timeless Experiences<\/strong> les utilise sur le site web <strong>timeless-experiences.com<\/strong> et la mani\u00e8re dont l'utilisateur peut g\u00e9rer ses pr\u00e9f\u00e9rences, conform\u00e9ment \u00e0 la <strong>R\u00e8glement g\u00e9n\u00e9ral sur la protection des donn\u00e9es (RGPD)<\/strong> et la l\u00e9gislation applicable aux communications \u00e9lectroniques.<\/p><p>En continuant \u00e0 naviguer sur notre site web, vous acceptez l'utilisation de cookies dans les conditions d\u00e9crites dans la pr\u00e9sente politique, \u00e0 moins que vous n'ayez configur\u00e9 votre navigateur ou votre panneau de pr\u00e9f\u00e9rences pour les refuser.<\/p><h2>\u00a0<\/h2><h2>1. Qu'est-ce qu'un cookie ?<\/h2><p>Les cookies sont de petits fichiers texte stock\u00e9s sur votre appareil (ordinateur, smartphone ou tablette) lorsque vous visitez un site web. Ces fichiers permettent de reconna\u00eetre l'utilisateur, de m\u00e9moriser ses pr\u00e9f\u00e9rences et d'am\u00e9liorer l'exp\u00e9rience de navigation.<\/p><p>Les cookies ne permettent pas d'identifier directement une personne, mais ils peuvent collecter des informations sur l'appareil, le navigateur et le comportement de navigation.<\/p><h2>\u00a0<\/h2><h2>2. Pourquoi utilisons-nous des cookies ?<\/h2><p>Nous utilisons des cookies pour :<\/p><ul><li><p>Assurer le bon fonctionnement du site web ;<\/p><\/li><li><p>M\u00e9moriser les pr\u00e9f\u00e9rences des utilisateurs ;<\/p><\/li><li><p>Analyser l'utilisation du site web et am\u00e9liorer ses performances ;<\/p><\/li><li><p>Mesurer les statistiques d'acc\u00e8s et de navigation ;<\/p><\/li><li><p>Soutenir les actions de marketing et de communication, le cas \u00e9ch\u00e9ant.<\/p><\/li><\/ul><h2>\u00a0<\/h2><h2>3. Types de cookies utilis\u00e9s<\/h2><div>\u00a0<\/div><h3>3.1 Cookies strictement n\u00e9cessaires<\/h3><p>Ils sont essentiels au fonctionnement du site web et ne peuvent \u00eatre d\u00e9sactiv\u00e9s dans nos syst\u00e8mes. Ils ne sont g\u00e9n\u00e9ralement d\u00e9finis qu'en r\u00e9ponse \u00e0 des actions entreprises par l'utilisateur, telles que la d\u00e9finition de pr\u00e9f\u00e9rences en mati\u00e8re de confidentialit\u00e9, l'ouverture d'une session ou le remplissage d'un formulaire.<\/p><h3>3.2 Cookies de performance et statistiques<\/h3><div>\u00a0<\/div><p>Elles nous permettent de collecter des informations sur la mani\u00e8re dont les visiteurs utilisent le site web, telles que les pages visit\u00e9es, la dur\u00e9e du s\u00e9jour et les \u00e9ventuelles erreurs. Ces donn\u00e9es ne sont utilis\u00e9es qu'\u00e0 des fins statistiques et d'am\u00e9lioration continue.<\/p><h3>3.3 Cookies fonctionnels<\/h3><div>\u00a0<\/div><p>Ils permettent de m\u00e9moriser les choix de l'utilisateur (par exemple la langue ou la r\u00e9gion) pour offrir une exp\u00e9rience plus personnalis\u00e9e.<\/p><h3>3.4 Cookies de marketing<\/h3><p>Ils peuvent \u00eatre utilis\u00e9s pour pr\u00e9senter un contenu et des communications plus pertinents pour l'utilisateur, ainsi que pour mesurer l'efficacit\u00e9 des campagnes. Ces cookies ne sont utilis\u00e9s qu'avec le consentement de l'utilisateur.<\/p><h2>\u00a0<\/h2><h2>4. Cookies de tiers<\/h2><p>Le site web peut utiliser des cookies de tiers, notamment de services d'analyse, de plateformes de paiement, d'outils de marketing ou d'int\u00e9gration \u00e0 des r\u00e9seaux sociaux.<\/p><p>Ces tiers sont responsables de leurs propres politiques en mati\u00e8re de cookies et de protection de la vie priv\u00e9e.<\/p><h2>\u00a0<\/h2><h2>5. Gestion et d\u00e9sactivation des cookies<\/h2><p>L'utilisateur peut, \u00e0 tout moment :<\/p><ul><li><p>Configurez votre navigateur pour qu'il bloque ou supprime les cookies ;<\/p><\/li><li><p>Modifier les pr\u00e9f\u00e9rences dans le panneau de gestion des cookies, le cas \u00e9ch\u00e9ant ;<\/p><\/li><li><p>Retirer le consentement donn\u00e9 pr\u00e9c\u00e9demment.<\/p><\/li><\/ul><p>La d\u00e9sactivation de certains cookies peut affecter le bon fonctionnement du site web.<\/p><h2>\u00a0<\/h2><h2>6. P\u00e9riode de conservation des cookies<\/h2><p>Les cookies peuvent \u00eatre :<\/p><ul><li><p><strong>Cookies de session :<\/strong> automatiquement supprim\u00e9es \u00e0 la fermeture du navigateur ;<\/p><\/li><li><p><strong>Cookies persistants :<\/strong> restent stock\u00e9es pendant une p\u00e9riode d\u00e9termin\u00e9e ou jusqu'\u00e0 ce qu'elles soient supprim\u00e9es manuellement.<\/p><\/li><\/ul><p>Les d\u00e9lais varient en fonction de la finalit\u00e9 du cookie.<\/p><h2>\u00a0<\/h2><h2>7. Modifications de la politique en mati\u00e8re de cookies<\/h2><p>Timeless se r\u00e9serve le droit de mettre \u00e0 jour la pr\u00e9sente politique en mati\u00e8re de cookies chaque fois que cela s'av\u00e8re n\u00e9cessaire. Les modifications entrent en vigueur apr\u00e8s leur publication sur le site web.<\/p><h2>\u00a0<\/h2><h2>8. Contact<\/h2><p>Si vous avez des questions concernant cette politique en mati\u00e8re de cookies, vous pouvez nous contacter \u00e0 l'adresse suivante :<\/p><p>Courriel : geral@timeless-experiences.com<br \/><br \/>Nous vous recommandons de consulter r\u00e9guli\u00e8rement cette politique pour rester inform\u00e9 de l'utilisation des cookies sur notre site web.<\/p>\t\t\t\t\t\t\t\t<\/div>\n\t\t\t\t<\/div>\n\t\t\t\t\t<\/div>\n\t\t\t\t<\/div>\n\t\t\t\t<\/div>","protected":false},"excerpt":{"rendered":"<p>Pol\u00edtica de Cookies \u00daltima atualiza\u00e7\u00e3o: Janeiro 2026 \u00a0 A presente Pol\u00edtica de Cookies explica o que s\u00e3o cookies, como a Timeless Experiences os utiliza no website timeless-experiences.com e como o utilizador pode gerir as suas prefer\u00eancias, em conformidade com o Regulamento Geral sobre a Prote\u00e7\u00e3o de Dados (RGPD) e a legisla\u00e7\u00e3o aplic\u00e1vel em mat\u00e9ria de<a class=\"more-link\" href=\"https:\/\/timeless-experiences.com\/fr\/politique-en-matiere-de-cookies\/\">Poursuivre la lecture <span class=\"screen-reader-text\">&#8220;Pol\u00edtica de Cookies&#8221;<\/span><\/a><\/p>","protected":false},"author":1,"featured_media":0,"parent":0,"menu_order":0,"comment_status":"closed","ping_status":"closed","template":"elementor_header_footer","meta":{"footnotes":""},"class_list":["post-3572","page","type-page","status-publish","hentry","entry"],"_links":{"self":[{"href":"https:\/\/timeless-experiences.com\/fr\/wp-json\/wp\/v2\/pages\/3572","targetHints":{"allow":["GET"]}}],"collection":[{"href":"https:\/\/timeless-experiences.com\/fr\/wp-json\/wp\/v2\/pages"}],"about":[{"href":"https:\/\/timeless-experiences.com\/fr\/wp-json\/wp\/v2\/types\/page"}],"author":[{"embeddable":true,"href":"https:\/\/timeless-experiences.com\/fr\/wp-json\/wp\/v2\/users\/1"}],"replies":[{"embeddable":true,"href":"https:\/\/timeless-experiences.com\/fr\/wp-json\/wp\/v2\/comments?post=3572"}],"version-history":[{"count":10,"href":"https:\/\/timeless-experiences.com\/fr\/wp-json\/wp\/v2\/pages\/3572\/revisions"}],"predecessor-version":[{"id":3592,"href":"https:\/\/timeless-experiences.com\/fr\/wp-json\/wp\/v2\/pages\/3572\/revisions\/3592"}],"wp:attachment":[{"href":"https:\/\/timeless-experiences.com\/fr\/wp-json\/wp\/v2\/media?parent=3572"}],"curies":[{"name":"wp","href":"https:\/\/api.w.org\/{rel}","templated":true}]}}